{"id":1640,"date":"2022-11-04T11:41:09","date_gmt":"2022-11-04T10:41:09","guid":{"rendered":"https:\/\/jorgepemar.com\/about-me\/"},"modified":"2026-02-24T00:00:58","modified_gmt":"2026-02-23T23:00:58","slug":"about-me","status":"publish","type":"page","link":"https:\/\/jorgepemar.com\/en\/about-me\/","title":{"rendered":"About"},"content":{"rendered":"\t\t<div data-elementor-type=\"wp-page\" data-elementor-id=\"1640\" class=\"elementor elementor-1640 elementor-84\" data-elementor-post-type=\"page\">\n\t\t\t\t<div class=\"elementor-element elementor-element-3eadcff e-flex e-con-boxed e-con e-parent\" data-id=\"3eadcff\" data-element_type=\"container\" data-settings=\"{&quot;background_background&quot;:&quot;classic&quot;,&quot;content_width&quot;:&quot;boxed&quot;}\" data-core-v316-plus=\"true\">\n\t\t\t\t\t<div class=\"e-con-inner\">\n\t\t\t\t\t<\/div>\n\t\t\t\t<\/div>\n\t\t<div class=\"elementor-element elementor-element-a6481a9 e-flex e-con-boxed e-con e-parent\" data-id=\"a6481a9\" data-element_type=\"container\" data-settings=\"{&quot;content_width&quot;:&quot;boxed&quot;}\" data-core-v316-plus=\"true\">\n\t\t\t\t\t<div class=\"e-con-inner\">\n\t\t<div class=\"elementor-element elementor-element-eddec52 e-con-full e-flex e-con e-parent\" data-id=\"eddec52\" data-element_type=\"container\" data-settings=\"{&quot;content_width&quot;:&quot;full&quot;}\" data-core-v316-plus=\"true\">\n\t\t<div class=\"elementor-element elementor-element-8cf5e6f e-flex e-con-boxed e-con e-parent\" data-id=\"8cf5e6f\" data-element_type=\"container\" data-settings=\"{&quot;content_width&quot;:&quot;boxed&quot;}\" data-core-v316-plus=\"true\">\n\t\t\t\t\t<div class=\"e-con-inner\">\n\t\t\t\t<div class=\"elementor-element elementor-element-ea1190c elementor-widget elementor-widget-text-editor\" data-id=\"ea1190c\" data-element_type=\"widget\" data-widget_type=\"text-editor.default\">\n\t\t\t\t<div class=\"elementor-widget-container\">\n\t\t\t<style>\/*! elementor - v3.19.0 - 07-02-2024 *\/\n.elementor-widget-text-editor.elementor-drop-cap-view-stacked .elementor-drop-cap{background-color:#69727d;color:#fff}.elementor-widget-text-editor.elementor-drop-cap-view-framed .elementor-drop-cap{color:#69727d;border:3px solid;background-color:transparent}.elementor-widget-text-editor:not(.elementor-drop-cap-view-default) .elementor-drop-cap{margin-top:8px}.elementor-widget-text-editor:not(.elementor-drop-cap-view-default) .elementor-drop-cap-letter{width:1em;height:1em}.elementor-widget-text-editor .elementor-drop-cap{float:left;text-align:center;line-height:1;font-size:50px}.elementor-widget-text-editor .elementor-drop-cap-letter{display:inline-block}<\/style>\t\t\t\t<p class=\"p1\">Jorge Pe\u00f1a Mart\u00edn (M\u00e1laga, 1978) is a director and screenwriter. He studied screenwriting at the Film School of Cuba and Creative Documentary at the Autonomous University of Barcelona. His films have been supported by broadcasters and institutions, screened at national and international festivals, and awarded the Silver Biznaga at the M\u00e1laga Film Festival. He is currently completing the miniseries \u201cMatar a Mario Conde\u201d and developing his first fiction feature.<\/p>\n\t\t\t\t\t\t<\/div>\n\t\t\t\t<\/div>\n\t\t\t\t\t<\/div>\n\t\t\t\t<\/div>\n\t\t<div class=\"elementor-element elementor-element-1223df6 e-flex e-con-boxed e-con e-parent\" data-id=\"1223df6\" data-element_type=\"container\" data-settings=\"{&quot;content_width&quot;:&quot;boxed&quot;}\" data-core-v316-plus=\"true\">\n\t\t\t\t\t<div class=\"e-con-inner\">\n\t\t\t\t<div class=\"elementor-element elementor-element-e40dd85 elementor-widget elementor-widget-video\" data-id=\"e40dd85\" data-element_type=\"widget\" data-settings=\"{&quot;video_type&quot;:&quot;vimeo&quot;,&quot;autoplay&quot;:&quot;yes&quot;,&quot;mute&quot;:&quot;yes&quot;}\" data-widget_type=\"video.default\">\n\t\t\t\t<div class=\"elementor-widget-container\">\n\t\t\t<style>\/*! elementor - v3.19.0 - 07-02-2024 *\/\n.elementor-widget-video .elementor-widget-container{overflow:hidden;transform:translateZ(0)}.elementor-widget-video .elementor-wrapper{aspect-ratio:var(--video-aspect-ratio)}.elementor-widget-video .elementor-wrapper iframe,.elementor-widget-video .elementor-wrapper video{height:100%;width:100%;display:flex;border:none;background-color:#000}@supports not (aspect-ratio:1\/1){.elementor-widget-video .elementor-wrapper{position:relative;overflow:hidden;height:0;padding-bottom:calc(100% \/ var(--video-aspect-ratio))}.elementor-widget-video .elementor-wrapper iframe,.elementor-widget-video .elementor-wrapper video{position:absolute;top:0;right:0;bottom:0;left:0}}.elementor-widget-video .elementor-open-inline .elementor-custom-embed-image-overlay{position:absolute;top:0;right:0;bottom:0;left:0;background-size:cover;background-position:50%}.elementor-widget-video .elementor-custom-embed-image-overlay{cursor:pointer;text-align:center}.elementor-widget-video .elementor-custom-embed-image-overlay:hover .elementor-custom-embed-play i{opacity:1}.elementor-widget-video .elementor-custom-embed-image-overlay img{display:block;width:100%;aspect-ratio:var(--video-aspect-ratio);-o-object-fit:cover;object-fit:cover;-o-object-position:center center;object-position:center center}@supports not (aspect-ratio:1\/1){.elementor-widget-video .elementor-custom-embed-image-overlay{position:relative;overflow:hidden;height:0;padding-bottom:calc(100% \/ var(--video-aspect-ratio))}.elementor-widget-video .elementor-custom-embed-image-overlay img{position:absolute;top:0;right:0;bottom:0;left:0}}.elementor-widget-video .e-hosted-video .elementor-video{-o-object-fit:cover;object-fit:cover}.e-con-inner>.elementor-widget-video,.e-con>.elementor-widget-video{width:var(--container-widget-width);--flex-grow:var(--container-widget-flex-grow)}<\/style>\t\t<div class=\"elementor-wrapper elementor-open-inline\">\n\t\t\t<iframe class=\"elementor-video-iframe lazyload\" allowfullscreen allow=\"clipboard-write\" title=\"vimeo Video Player\" data-src=\"https:\/\/player.vimeo.com\/video\/709094138?autoplay=1&amp;color&amp;autopause=0&amp;loop=0&amp;muted=1&amp;title=0&amp;portrait=0&amp;byline=0#t=\" src=\"data:image\/svg+xml;base64,PHN2ZyB3aWR0aD0iMSIgaGVpZ2h0PSIxIiB4bWxucz0iaHR0cDovL3d3dy53My5vcmcvMjAwMC9zdmciPjwvc3ZnPg==\" data-load-mode=\"1\"><\/iframe>\t\t<\/div>\n\t\t\t\t<\/div>\n\t\t\t\t<\/div>\n\t\t\t\t\t<\/div>\n\t\t\t\t<\/div>\n\t\t\t\t<\/div>\n\t\t<div class=\"elementor-element elementor-element-dfb2a6d e-con-full e-flex elementor-invisible e-con e-parent\" data-id=\"dfb2a6d\" data-element_type=\"container\" data-settings=\"{&quot;content_width&quot;:&quot;full&quot;,&quot;animation&quot;:&quot;fadeInRight&quot;,&quot;animation_mobile&quot;:&quot;none&quot;}\" data-core-v316-plus=\"true\">\n\t\t<div class=\"elementor-element elementor-element-d51f11c e-flex e-con-boxed e-con e-parent\" data-id=\"d51f11c\" data-element_type=\"container\" data-settings=\"{&quot;background_background&quot;:&quot;classic&quot;,&quot;content_width&quot;:&quot;boxed&quot;}\" data-core-v316-plus=\"true\">\n\t\t\t\t\t<div class=\"e-con-inner\">\n\t\t\t\t<div class=\"elementor-element elementor-element-2011fbc elementor-widget elementor-widget-heading\" data-id=\"2011fbc\" data-element_type=\"widget\" data-widget_type=\"heading.default\">\n\t\t\t\t<div class=\"elementor-widget-container\">\n\t\t\t<style>\/*! elementor - v3.19.0 - 07-02-2024 *\/\n.elementor-heading-title{padding:0;margin:0;line-height:1}.elementor-widget-heading .elementor-heading-title[class*=elementor-size-]>a{color:inherit;font-size:inherit;line-height:inherit}.elementor-widget-heading .elementor-heading-title.elementor-size-small{font-size:15px}.elementor-widget-heading .elementor-heading-title.elementor-size-medium{font-size:19px}.elementor-widget-heading .elementor-heading-title.elementor-size-large{font-size:29px}.elementor-widget-heading .elementor-heading-title.elementor-size-xl{font-size:39px}.elementor-widget-heading .elementor-heading-title.elementor-size-xxl{font-size:59px}<\/style><h4 class=\"elementor-heading-title elementor-size-default\">Filmography<\/h4>\t\t<\/div>\n\t\t\t\t<\/div>\n\t\t\t\t<div class=\"elementor-element elementor-element-72a2b13 elementor-widget elementor-widget-text-editor\" data-id=\"72a2b13\" data-element_type=\"widget\" data-widget_type=\"text-editor.default\">\n\t\t\t\t<div class=\"elementor-widget-container\">\n\t\t\t\t\t\t\t<p><strong>Waiting for sea. <\/strong>28&#8242;. 2026.<strong><br \/>\nShipwrecked. <\/strong>73&#8242;. 2024.<br \/>\n<strong>Quixote in New York.<\/strong> 83\u2019. 2023.<br \/>\n<strong>Emilio Prados, Cloud Hunter.<\/strong> 76\u2019. 2022.<br \/>\n<strong>The Bartenders Club.<\/strong> 63\u2019. 2022.<br \/>\n<strong>Anonymous Travel.<\/strong> 23\u2019. 2017.<br \/>\n<strong>Birds have no Vertigo.<\/strong> 67&#8242;. 2017.<br \/>\n<strong>Black Freedom.<\/strong> 67\u2019. 2016.<br \/>\n<strong>Journey of a man alone.<\/strong> 28\u2019. 2014.<br \/>\n<strong>Scotland.<\/strong> 60\u2019. 2013.<br \/>\n<strong>Superhero Neighborhood.<\/strong> 28\u2019. 2011.<\/p>\n\t\t\t\t\t\t<\/div>\n\t\t\t\t<\/div>\n\t\t\t\t\t<\/div>\n\t\t\t\t<\/div>\n\t\t\t\t<\/div>\n\t\t\t\t\t<\/div>\n\t\t\t\t<\/div>\n\t\t\t\t<\/div>\n\t\t","protected":false},"excerpt":{"rendered":"<p>Filmography<\/p>\n","protected":false},"author":1,"featured_media":0,"parent":0,"menu_order":0,"comment_status":"closed","ping_status":"closed","template":"","meta":{"_acf_changed":false,"footnotes":""},"class_list":["post-1640","page","type-page","status-publish","hentry"],"acf":[],"yoast_head":"<!-- This site is optimized with the Yoast SEO plugin v27.3 - https:\/\/yoast.com\/product\/yoast-seo-wordpress\/ -->\n<title>About | Jorge Pe\u00f1a Mart\u00edn<\/title>\n<meta name=\"robots\" content=\"index, follow, max-snippet:-1, max-image-preview:large, max-video-preview:-1\" \/>\n<link rel=\"canonical\" href=\"https:\/\/jorgepemar.com\/en\/about-me\/\" \/>\n<meta property=\"og:locale\" content=\"en_US\" \/>\n<meta property=\"og:type\" content=\"article\" \/>\n<meta property=\"og:title\" content=\"About | Jorge Pe\u00f1a Mart\u00edn\" \/>\n<meta property=\"og:description\" content=\"Filmography\" \/>\n<meta property=\"og:url\" content=\"https:\/\/jorgepemar.com\/en\/about-me\/\" \/>\n<meta property=\"og:site_name\" content=\"Jorge Pe\u00f1a Mart\u00edn\" \/>\n<meta property=\"article:modified_time\" content=\"2026-02-23T23:00:58+00:00\" \/>\n<meta name=\"twitter:card\" content=\"summary_large_image\" \/>\n<script type=\"application\/ld+json\" class=\"yoast-schema-graph\">{\"@context\":\"https:\\\/\\\/schema.org\",\"@graph\":[{\"@type\":\"WebPage\",\"@id\":\"https:\\\/\\\/jorgepemar.com\\\/en\\\/about-me\\\/\",\"url\":\"https:\\\/\\\/jorgepemar.com\\\/en\\\/about-me\\\/\",\"name\":\"About | Jorge Pe\u00f1a Mart\u00edn\",\"isPartOf\":{\"@id\":\"https:\\\/\\\/jorgepemar.com\\\/#website\"},\"datePublished\":\"2022-11-04T10:41:09+00:00\",\"dateModified\":\"2026-02-23T23:00:58+00:00\",\"breadcrumb\":{\"@id\":\"https:\\\/\\\/jorgepemar.com\\\/en\\\/about-me\\\/#breadcrumb\"},\"inLanguage\":\"en-US\",\"potentialAction\":[{\"@type\":\"ReadAction\",\"target\":[\"https:\\\/\\\/jorgepemar.com\\\/en\\\/about-me\\\/\"]}]},{\"@type\":\"BreadcrumbList\",\"@id\":\"https:\\\/\\\/jorgepemar.com\\\/en\\\/about-me\\\/#breadcrumb\",\"itemListElement\":[{\"@type\":\"ListItem\",\"position\":1,\"name\":\"Portada\",\"item\":\"https:\\\/\\\/jorgepemar.com\\\/en\\\/jorge-pemar\\\/\"},{\"@type\":\"ListItem\",\"position\":2,\"name\":\"About\"}]},{\"@type\":\"WebSite\",\"@id\":\"https:\\\/\\\/jorgepemar.com\\\/#website\",\"url\":\"https:\\\/\\\/jorgepemar.com\\\/\",\"name\":\"Jorge Pe\u00f1a Mart\u00edn\",\"description\":\"\",\"publisher\":{\"@id\":\"https:\\\/\\\/jorgepemar.com\\\/#\\\/schema\\\/person\\\/47ca72edd4597398543caaa3cdf85379\"},\"alternateName\":\"Jorge Pe\u00f1a\",\"potentialAction\":[{\"@type\":\"SearchAction\",\"target\":{\"@type\":\"EntryPoint\",\"urlTemplate\":\"https:\\\/\\\/jorgepemar.com\\\/?s={search_term_string}\"},\"query-input\":{\"@type\":\"PropertyValueSpecification\",\"valueRequired\":true,\"valueName\":\"search_term_string\"}}],\"inLanguage\":\"en-US\"},{\"@type\":[\"Person\",\"Organization\"],\"@id\":\"https:\\\/\\\/jorgepemar.com\\\/#\\\/schema\\\/person\\\/47ca72edd4597398543caaa3cdf85379\",\"name\":\"Jorge Pe\u00f1a Mart\u00edn\",\"image\":{\"@type\":\"ImageObject\",\"inLanguage\":\"en-US\",\"@id\":\"https:\\\/\\\/jorgepemar.com\\\/wp-content\\\/uploads\\\/2022\\\/11\\\/LPNTV_8.jpg\",\"url\":\"https:\\\/\\\/jorgepemar.com\\\/wp-content\\\/uploads\\\/2022\\\/11\\\/LPNTV_8.jpg\",\"contentUrl\":\"https:\\\/\\\/jorgepemar.com\\\/wp-content\\\/uploads\\\/2022\\\/11\\\/LPNTV_8.jpg\",\"width\":1200,\"height\":675,\"caption\":\"Jorge Pe\u00f1a Mart\u00edn\"},\"logo\":{\"@id\":\"https:\\\/\\\/jorgepemar.com\\\/wp-content\\\/uploads\\\/2022\\\/11\\\/LPNTV_8.jpg\"}}]}<\/script>\n<!-- \/ Yoast SEO plugin. -->","yoast_head_json":{"title":"About | Jorge Pe\u00f1a Mart\u00edn","robots":{"index":"index","follow":"follow","max-snippet":"max-snippet:-1","max-image-preview":"max-image-preview:large","max-video-preview":"max-video-preview:-1"},"canonical":"https:\/\/jorgepemar.com\/en\/about-me\/","og_locale":"en_US","og_type":"article","og_title":"About | Jorge Pe\u00f1a Mart\u00edn","og_description":"Filmography","og_url":"https:\/\/jorgepemar.com\/en\/about-me\/","og_site_name":"Jorge Pe\u00f1a Mart\u00edn","article_modified_time":"2026-02-23T23:00:58+00:00","twitter_card":"summary_large_image","schema":{"@context":"https:\/\/schema.org","@graph":[{"@type":"WebPage","@id":"https:\/\/jorgepemar.com\/en\/about-me\/","url":"https:\/\/jorgepemar.com\/en\/about-me\/","name":"About | Jorge Pe\u00f1a Mart\u00edn","isPartOf":{"@id":"https:\/\/jorgepemar.com\/#website"},"datePublished":"2022-11-04T10:41:09+00:00","dateModified":"2026-02-23T23:00:58+00:00","breadcrumb":{"@id":"https:\/\/jorgepemar.com\/en\/about-me\/#breadcrumb"},"inLanguage":"en-US","potentialAction":[{"@type":"ReadAction","target":["https:\/\/jorgepemar.com\/en\/about-me\/"]}]},{"@type":"BreadcrumbList","@id":"https:\/\/jorgepemar.com\/en\/about-me\/#breadcrumb","itemListElement":[{"@type":"ListItem","position":1,"name":"Portada","item":"https:\/\/jorgepemar.com\/en\/jorge-pemar\/"},{"@type":"ListItem","position":2,"name":"About"}]},{"@type":"WebSite","@id":"https:\/\/jorgepemar.com\/#website","url":"https:\/\/jorgepemar.com\/","name":"Jorge Pe\u00f1a Mart\u00edn","description":"","publisher":{"@id":"https:\/\/jorgepemar.com\/#\/schema\/person\/47ca72edd4597398543caaa3cdf85379"},"alternateName":"Jorge Pe\u00f1a","potentialAction":[{"@type":"SearchAction","target":{"@type":"EntryPoint","urlTemplate":"https:\/\/jorgepemar.com\/?s={search_term_string}"},"query-input":{"@type":"PropertyValueSpecification","valueRequired":true,"valueName":"search_term_string"}}],"inLanguage":"en-US"},{"@type":["Person","Organization"],"@id":"https:\/\/jorgepemar.com\/#\/schema\/person\/47ca72edd4597398543caaa3cdf85379","name":"Jorge Pe\u00f1a Mart\u00edn","image":{"@type":"ImageObject","inLanguage":"en-US","@id":"https:\/\/jorgepemar.com\/wp-content\/uploads\/2022\/11\/LPNTV_8.jpg","url":"https:\/\/jorgepemar.com\/wp-content\/uploads\/2022\/11\/LPNTV_8.jpg","contentUrl":"https:\/\/jorgepemar.com\/wp-content\/uploads\/2022\/11\/LPNTV_8.jpg","width":1200,"height":675,"caption":"Jorge Pe\u00f1a Mart\u00edn"},"logo":{"@id":"https:\/\/jorgepemar.com\/wp-content\/uploads\/2022\/11\/LPNTV_8.jpg"}}]}},"_links":{"self":[{"href":"https:\/\/jorgepemar.com\/en\/wp-json\/wp\/v2\/pages\/1640","targetHints":{"allow":["GET"]}}],"collection":[{"href":"https:\/\/jorgepemar.com\/en\/wp-json\/wp\/v2\/pages"}],"about":[{"href":"https:\/\/jorgepemar.com\/en\/wp-json\/wp\/v2\/types\/page"}],"author":[{"embeddable":true,"href":"https:\/\/jorgepemar.com\/en\/wp-json\/wp\/v2\/users\/1"}],"replies":[{"embeddable":true,"href":"https:\/\/jorgepemar.com\/en\/wp-json\/wp\/v2\/comments?post=1640"}],"version-history":[{"count":9,"href":"https:\/\/jorgepemar.com\/en\/wp-json\/wp\/v2\/pages\/1640\/revisions"}],"predecessor-version":[{"id":2111,"href":"https:\/\/jorgepemar.com\/en\/wp-json\/wp\/v2\/pages\/1640\/revisions\/2111"}],"wp:attachment":[{"href":"https:\/\/jorgepemar.com\/en\/wp-json\/wp\/v2\/media?parent=1640"}],"curies":[{"name":"wp","href":"https:\/\/api.w.org\/{rel}","templated":true}]}}