{"id":1634,"date":"2022-11-04T09:04:19","date_gmt":"2022-11-04T08:04:19","guid":{"rendered":"https:\/\/jorgepemar.com\/jorge-pemar\/"},"modified":"2023-01-09T12:59:02","modified_gmt":"2023-01-09T11:59:02","slug":"jorge-pemar","status":"publish","type":"page","link":"https:\/\/jorgepemar.com\/en\/","title":{"rendered":"Jorge Pe\u00f1a Mart\u00edn"},"content":{"rendered":"\t\t<div data-elementor-type=\"wp-page\" data-elementor-id=\"1634\" class=\"elementor elementor-1634 elementor-8\" data-elementor-post-type=\"page\">\n\t\t\t\t<div class=\"elementor-element elementor-element-0819705 e-con-full e-flex e-con e-parent\" data-id=\"0819705\" data-element_type=\"container\" data-settings=\"{&quot;content_width&quot;:&quot;full&quot;}\" data-core-v316-plus=\"true\">\n\t\t\t\t<div class=\"elementor-element elementor-element-eca3371 elementor--h-position-center elementor--v-position-middle elementor-pagination-position-inside elementor-widget elementor-widget-slides\" data-id=\"eca3371\" data-element_type=\"widget\" data-settings=\"{&quot;navigation&quot;:&quot;dots&quot;,&quot;transition&quot;:&quot;fade&quot;,&quot;autoplay&quot;:&quot;yes&quot;,&quot;pause_on_hover&quot;:&quot;yes&quot;,&quot;pause_on_interaction&quot;:&quot;yes&quot;,&quot;autoplay_speed&quot;:5000,&quot;infinite&quot;:&quot;yes&quot;,&quot;transition_speed&quot;:500}\" data-widget_type=\"slides.default\">\n\t\t\t\t<div class=\"elementor-widget-container\">\n\t\t\t<style>\/*! elementor-pro - v3.19.0 - 07-02-2024 *\/\n.elementor-slides .swiper-slide-bg{background-size:cover;background-position:50%;background-repeat:no-repeat;min-width:100%;min-height:100%}.elementor-slides .swiper-slide-inner{background-repeat:no-repeat;background-position:50%;position:absolute;top:0;left:0;bottom:0;right:0;padding:50px;margin:auto}.elementor-slides .swiper-slide-inner,.elementor-slides .swiper-slide-inner:hover{color:#fff;display:flex}.elementor-slides .swiper-slide-inner .elementor-background-overlay{position:absolute;z-index:0;top:0;bottom:0;left:0;right:0}.elementor-slides .swiper-slide-inner .elementor-slide-content{position:relative;z-index:1;width:100%}.elementor-slides .swiper-slide-inner .elementor-slide-heading{font-size:35px;font-weight:700;line-height:1}.elementor-slides .swiper-slide-inner .elementor-slide-description{font-size:17px;line-height:1.4}.elementor-slides .swiper-slide-inner .elementor-slide-description:not(:last-child),.elementor-slides .swiper-slide-inner .elementor-slide-heading:not(:last-child){margin-bottom:30px}.elementor-slides .swiper-slide-inner .elementor-slide-button{border:2px solid #fff;color:#fff;background:transparent;display:inline-block}.elementor-slides .swiper-slide-inner .elementor-slide-button,.elementor-slides .swiper-slide-inner .elementor-slide-button:hover{background:transparent;color:inherit;text-decoration:none}.elementor--v-position-top .swiper-slide-inner{align-items:flex-start}.elementor--v-position-bottom .swiper-slide-inner{align-items:flex-end}.elementor--v-position-middle .swiper-slide-inner{align-items:center}.elementor--h-position-left .swiper-slide-inner{justify-content:flex-start}.elementor--h-position-right .swiper-slide-inner{justify-content:flex-end}.elementor--h-position-center .swiper-slide-inner{justify-content:center}body.rtl .elementor-widget-slides .elementor-swiper-button-next{left:10px;right:auto}body.rtl .elementor-widget-slides .elementor-swiper-button-prev{right:10px;left:auto}.elementor-slides-wrapper div:not(.swiper-slide)>.swiper-slide-inner{display:none}@media (max-width:767px){.elementor-slides .swiper-slide-inner{padding:30px}.elementor-slides .swiper-slide-inner .elementor-slide-heading{font-size:23px;line-height:1;margin-bottom:15px}.elementor-slides .swiper-slide-inner .elementor-slide-description{font-size:13px;line-height:1.4;margin-bottom:15px}}<\/style>\t\t<div class=\"elementor-swiper\">\n\t\t\t<div class=\"elementor-slides-wrapper elementor-main-swiper swiper-container\" dir=\"ltr\" data-animation=\"fadeInUp\">\n\t\t\t\t<div class=\"swiper-wrapper elementor-slides\">\n\t\t\t\t\t\t\t\t\t\t<div class=\"elementor-repeater-item-05a8b47 swiper-slide\"><div class=\"swiper-slide-bg elementor-ken-burns elementor-ken-burns--out\" role=\"img\"><\/div><a class=\"swiper-slide-inner\" href=\"https:\/\/jorgepemar.com\/pelicula\/emilio-prados\/\"><div class=\"swiper-slide-contents\"><div class=\"elementor-slide-heading\">Emilio Prados, Cloud Hunter<\/div><\/div><\/a><\/div><div class=\"elementor-repeater-item-d6d95bf swiper-slide\"><div class=\"swiper-slide-bg elementor-ken-burns elementor-ken-burns--in\" role=\"img\"><\/div><a class=\"swiper-slide-inner\" href=\"https:\/\/jorgepemar.com\/pelicula\/los-pajaros-no-tienen-vertigo\/\"><div class=\"swiper-slide-contents\"><div class=\"elementor-slide-heading\">Birds have not vertigo<\/div><\/div><\/a><\/div><div class=\"elementor-repeater-item-b8e3468 swiper-slide\"><div class=\"swiper-slide-bg elementor-ken-burns elementor-ken-burns--out\" role=\"img\"><\/div><a class=\"swiper-slide-inner\" href=\"https:\/\/jorgepemar.com\/pelicula\/el-club-de-los-cantineros\/\"><div class=\"swiper-slide-contents\"><div class=\"elementor-slide-heading\">Cantineros Club<\/div><\/div><\/a><\/div><div class=\"elementor-repeater-item-2ccb57f swiper-slide\"><div class=\"swiper-slide-bg elementor-ken-burns elementor-ken-burns--in\" role=\"img\"><\/div><a class=\"swiper-slide-inner\" href=\"https:\/\/jorgepemar.com\/pelicula\/quijote-en-nueva-york\/\"><div class=\"swiper-slide-contents\"><div class=\"elementor-slide-heading\">Quixote in New York<\/div><\/div><\/a><\/div>\t\t\t\t<\/div>\n\t\t\t\t\t\t\t\t\t\t\t\t\t\t\t<div class=\"swiper-pagination\"><\/div>\n\t\t\t\t\t\t\t\t\t\t\t\t\t\t\t\t\t<\/div>\n\t\t<\/div>\n\t\t\t\t<\/div>\n\t\t\t\t<\/div>\n\t\t\t\t<\/div>\n\t\t<div class=\"elementor-element elementor-element-e52cc85 e-flex e-con-boxed e-con e-parent\" data-id=\"e52cc85\" data-element_type=\"container\" data-settings=\"{&quot;content_width&quot;:&quot;boxed&quot;}\" data-core-v316-plus=\"true\">\n\t\t\t\t\t<div class=\"e-con-inner\">\n\t\t\t\t<div class=\"elementor-element elementor-element-d277f41 elementor-widget elementor-widget-heading\" data-id=\"d277f41\" data-element_type=\"widget\" data-widget_type=\"heading.default\">\n\t\t\t\t<div class=\"elementor-widget-container\">\n\t\t\t<style>\/*! elementor - v3.19.0 - 07-02-2024 *\/\n.elementor-heading-title{padding:0;margin:0;line-height:1}.elementor-widget-heading .elementor-heading-title[class*=elementor-size-]>a{color:inherit;font-size:inherit;line-height:inherit}.elementor-widget-heading .elementor-heading-title.elementor-size-small{font-size:15px}.elementor-widget-heading .elementor-heading-title.elementor-size-medium{font-size:19px}.elementor-widget-heading .elementor-heading-title.elementor-size-large{font-size:29px}.elementor-widget-heading .elementor-heading-title.elementor-size-xl{font-size:39px}.elementor-widget-heading .elementor-heading-title.elementor-size-xxl{font-size:59px}<\/style><h4 class=\"elementor-heading-title elementor-size-default\"><a href=\"https:\/\/jorgepemar.com\/en\/films\/\">Films<\/a><\/h4>\t\t<\/div>\n\t\t\t\t<\/div>\n\t\t\t\t<div class=\"elementor-element elementor-element-ab96b41 elementor-grid-tablet-3 elementor-grid-3 elementor-grid-mobile-1 elementor-widget elementor-widget-portfolio\" data-id=\"ab96b41\" data-element_type=\"widget\" data-settings=\"{&quot;columns_tablet&quot;:&quot;3&quot;,&quot;row_gap&quot;:{&quot;unit&quot;:&quot;px&quot;,&quot;size&quot;:18,&quot;sizes&quot;:[]},&quot;columns&quot;:&quot;3&quot;,&quot;columns_mobile&quot;:&quot;1&quot;,&quot;item_ratio&quot;:{&quot;unit&quot;:&quot;px&quot;,&quot;size&quot;:0.66,&quot;sizes&quot;:[]},&quot;item_gap&quot;:{&quot;unit&quot;:&quot;px&quot;,&quot;size&quot;:&quot;&quot;,&quot;sizes&quot;:[]}}\" data-widget_type=\"portfolio.default\">\n\t\t\t\t<div class=\"elementor-widget-container\">\n\t\t\t<link rel=\"stylesheet\" href=\"https:\/\/jorgepemar.com\/wp-content\/plugins\/elementor-pro\/assets\/css\/widget-posts.min.css\">\t\t<div class=\"elementor-portfolio elementor-grid elementor-posts-container\">\n\t\t\t\t<article class=\"elementor-portfolio-item elementor-post  post-1966 pelicula type-pelicula status-publish has-post-thumbnail hentry\">\n\t\t\t<a class=\"elementor-post__thumbnail__link\" href=\"https:\/\/jorgepemar.com\/en\/pelicula\/waiting-for-sea\/\">\n\t\t\t\t<div class=\"elementor-portfolio-item__img elementor-post__thumbnail\">\n\t\t\t<img fetchpriority=\"high\" decoding=\"async\" width=\"768\" height=\"432\" src=\"https:\/\/jorgepemar.com\/wp-content\/uploads\/2026\/02\/esperandoamar_5-768x432.jpg\" class=\"attachment-medium_large size-medium_large wp-image-1952\" alt=\"\" srcset=\"https:\/\/jorgepemar.com\/wp-content\/uploads\/2026\/02\/esperandoamar_5-768x432.jpg 768w, https:\/\/jorgepemar.com\/wp-content\/uploads\/2026\/02\/esperandoamar_5-300x169.jpg 300w, https:\/\/jorgepemar.com\/wp-content\/uploads\/2026\/02\/esperandoamar_5-1024x576.jpg 1024w, https:\/\/jorgepemar.com\/wp-content\/uploads\/2026\/02\/esperandoamar_5-1536x864.jpg 1536w, https:\/\/jorgepemar.com\/wp-content\/uploads\/2026\/02\/esperandoamar_5-scaled.jpg 1500w\" sizes=\"(max-width: 768px) 100vw, 768px\" \/>\t\t<\/div>\n\t\t\t\t<div class=\"elementor-portfolio-item__overlay\">\n\t\t\t\t<h3 class=\"elementor-portfolio-item__title\">\n\t\tWaiting for sea\t\t<\/h3>\n\t\t\t\t<\/div>\n\t\t\t\t<\/a>\n\t\t<\/article>\n\t\t\t\t<article class=\"elementor-portfolio-item elementor-post  post-1610 pelicula type-pelicula status-publish has-post-thumbnail hentry\">\n\t\t\t<a class=\"elementor-post__thumbnail__link\" href=\"https:\/\/jorgepemar.com\/en\/pelicula\/shipwrecked\/\">\n\t\t\t\t<div class=\"elementor-portfolio-item__img elementor-post__thumbnail\">\n\t\t\t<img decoding=\"async\" width=\"768\" height=\"432\" data-src=\"https:\/\/jorgepemar.com\/wp-content\/uploads\/2022\/12\/naufragados_frame_14-768x432.jpg\" class=\"attachment-medium_large size-medium_large wp-image-1924 lazyload\" alt=\"\" data-srcset=\"https:\/\/jorgepemar.com\/wp-content\/uploads\/2022\/12\/naufragados_frame_14-768x432.jpg 768w, https:\/\/jorgepemar.com\/wp-content\/uploads\/2022\/12\/naufragados_frame_14-300x169.jpg 300w, https:\/\/jorgepemar.com\/wp-content\/uploads\/2022\/12\/naufragados_frame_14-1024x576.jpg 1024w, https:\/\/jorgepemar.com\/wp-content\/uploads\/2022\/12\/naufragados_frame_14-1536x864.jpg 1536w, https:\/\/jorgepemar.com\/wp-content\/uploads\/2022\/12\/naufragados_frame_14-2048x1152.jpg 2048w, https:\/\/jorgepemar.com\/wp-content\/uploads\/2022\/12\/naufragados_frame_14-scaled.jpg 1500w\" data-sizes=\"(max-width: 768px) 100vw, 768px\" src=\"data:image\/svg+xml;base64,PHN2ZyB3aWR0aD0iMSIgaGVpZ2h0PSIxIiB4bWxucz0iaHR0cDovL3d3dy53My5vcmcvMjAwMC9zdmciPjwvc3ZnPg==\" style=\"--smush-placeholder-width: 768px; --smush-placeholder-aspect-ratio: 768\/432;\" \/>\t\t<\/div>\n\t\t\t\t<div class=\"elementor-portfolio-item__overlay\">\n\t\t\t\t<h3 class=\"elementor-portfolio-item__title\">\n\t\tShipwrecked\t\t<\/h3>\n\t\t\t\t<\/div>\n\t\t\t\t<\/a>\n\t\t<\/article>\n\t\t\t\t<article class=\"elementor-portfolio-item elementor-post  post-1612 pelicula type-pelicula status-publish has-post-thumbnail hentry\">\n\t\t\t<a class=\"elementor-post__thumbnail__link\" href=\"https:\/\/jorgepemar.com\/en\/pelicula\/quixote-in-new-york\/\">\n\t\t\t\t<div class=\"elementor-portfolio-item__img elementor-post__thumbnail\">\n\t\t\t<img decoding=\"async\" width=\"768\" height=\"432\" data-src=\"https:\/\/jorgepemar.com\/wp-content\/uploads\/2022\/12\/QNY_7-768x432.jpg\" class=\"attachment-medium_large size-medium_large wp-image-1452 lazyload\" alt=\"\" data-srcset=\"https:\/\/jorgepemar.com\/wp-content\/uploads\/2022\/12\/QNY_7-768x432.jpg 768w, https:\/\/jorgepemar.com\/wp-content\/uploads\/2022\/12\/QNY_7-300x169.jpg 300w, https:\/\/jorgepemar.com\/wp-content\/uploads\/2022\/12\/QNY_7-1024x576.jpg 1024w, https:\/\/jorgepemar.com\/wp-content\/uploads\/2022\/12\/QNY_7.jpg 1200w\" data-sizes=\"(max-width: 768px) 100vw, 768px\" src=\"data:image\/svg+xml;base64,PHN2ZyB3aWR0aD0iMSIgaGVpZ2h0PSIxIiB4bWxucz0iaHR0cDovL3d3dy53My5vcmcvMjAwMC9zdmciPjwvc3ZnPg==\" style=\"--smush-placeholder-width: 768px; --smush-placeholder-aspect-ratio: 768\/432;\" \/>\t\t<\/div>\n\t\t\t\t<div class=\"elementor-portfolio-item__overlay\">\n\t\t\t\t<h3 class=\"elementor-portfolio-item__title\">\n\t\tQuixote in New York\t\t<\/h3>\n\t\t\t\t<\/div>\n\t\t\t\t<\/a>\n\t\t<\/article>\n\t\t\t\t<\/div>\n\t\t\t\t<\/div>\n\t\t\t\t<\/div>\n\t\t\t\t\t<\/div>\n\t\t\t\t<\/div>\n\t\t<div class=\"elementor-element elementor-element-fc49f5c e-flex e-con-boxed elementor-invisible e-con e-parent\" data-id=\"fc49f5c\" data-element_type=\"container\" data-settings=\"{&quot;animation&quot;:&quot;fadeIn&quot;,&quot;content_width&quot;:&quot;boxed&quot;}\" data-core-v316-plus=\"true\">\n\t\t\t\t\t<div class=\"e-con-inner\">\n\t\t<div class=\"elementor-element elementor-element-2fd5a8b e-flex e-con-boxed e-con e-parent\" data-id=\"2fd5a8b\" data-element_type=\"container\" data-settings=\"{&quot;content_width&quot;:&quot;boxed&quot;}\" data-core-v316-plus=\"true\">\n\t\t\t\t\t<div class=\"e-con-inner\">\n\t\t<div class=\"elementor-element elementor-element-dc2f6e1 e-flex e-con-boxed e-con e-parent\" data-id=\"dc2f6e1\" data-element_type=\"container\" data-settings=\"{&quot;content_width&quot;:&quot;boxed&quot;}\" data-core-v316-plus=\"true\">\n\t\t\t\t\t<div class=\"e-con-inner\">\n\t\t\t\t<div class=\"elementor-element elementor-element-177845c elementor-widget elementor-widget-heading\" data-id=\"177845c\" data-element_type=\"widget\" data-widget_type=\"heading.default\">\n\t\t\t\t<div class=\"elementor-widget-container\">\n\t\t\t<h4 class=\"elementor-heading-title elementor-size-default\"><a href=\"https:\/\/jorgepemar.com\/en\/about-me\/\">Festivals and supports<\/a><\/h4>\t\t<\/div>\n\t\t\t\t<\/div>\n\t\t\t\t\t<\/div>\n\t\t\t\t<\/div>\n\t\t\t\t\t<\/div>\n\t\t\t\t<\/div>\n\t\t\t\t\t<\/div>\n\t\t\t\t<\/div>\n\t\t<div class=\"elementor-element elementor-element-afcc0f3 e-flex e-con-boxed e-con e-parent\" data-id=\"afcc0f3\" data-element_type=\"container\" data-settings=\"{&quot;content_width&quot;:&quot;boxed&quot;}\" data-core-v316-plus=\"true\">\n\t\t\t\t\t<div class=\"e-con-inner\">\n\t\t\t\t\t<\/div>\n\t\t\t\t<\/div>\n\t\t\t\t<\/div>\n\t\t","protected":false},"excerpt":{"rendered":"<p>Emilio Prados, Cloud HunterBirds have not vertigoCantineros ClubQuixote in New York Films Festivals and supports<\/p>\n","protected":false},"author":1,"featured_media":1924,"parent":0,"menu_order":0,"comment_status":"closed","ping_status":"closed","template":"","meta":{"_acf_changed":false,"footnotes":""},"class_list":["post-1634","page","type-page","status-publish","has-post-thumbnail","hentry"],"acf":[],"yoast_head":"<!-- This site is optimized with the Yoast SEO plugin v27.5 - https:\/\/yoast.com\/product\/yoast-seo-wordpress\/ -->\n<title>Jorge Pe\u00f1a Mart\u00edn | Non-fiction film director and screenwriter<\/title>\n<meta name=\"description\" content=\"Jorge Pe\u00f1a Mart\u00edn (M\u00e1laga, 1978) is a non-fiction film director and screenwriter.\" \/>\n<meta name=\"robots\" content=\"index, follow, max-snippet:-1, max-image-preview:large, max-video-preview:-1\" \/>\n<link rel=\"canonical\" href=\"https:\/\/jorgepemar.com\/en\/jorge-pemar\/\" \/>\n<meta property=\"og:locale\" content=\"en_US\" \/>\n<meta property=\"og:type\" content=\"article\" \/>\n<meta property=\"og:title\" content=\"Jorge Pe\u00f1a Mart\u00edn | Non-fiction film director and screenwriter\" \/>\n<meta property=\"og:description\" content=\"Jorge Pe\u00f1a Mart\u00edn (M\u00e1laga, 1978) is a non-fiction film director and screenwriter.\" \/>\n<meta property=\"og:url\" content=\"https:\/\/jorgepemar.com\/en\/jorge-pemar\/\" \/>\n<meta property=\"og:site_name\" content=\"Jorge Pe\u00f1a Mart\u00edn\" \/>\n<meta property=\"article:modified_time\" content=\"2023-01-09T11:59:02+00:00\" \/>\n<meta property=\"og:image\" content=\"https:\/\/jorgepemar.com\/wp-content\/uploads\/2022\/11\/LPNTV_1.jpg\" \/>\n\t<meta property=\"og:image:width\" content=\"1200\" \/>\n\t<meta property=\"og:image:height\" content=\"675\" \/>\n\t<meta property=\"og:image:type\" content=\"image\/jpeg\" \/>\n<meta name=\"twitter:card\" content=\"summary_large_image\" \/>\n<script type=\"application\/ld+json\" class=\"yoast-schema-graph\">{\"@context\":\"https:\\\/\\\/schema.org\",\"@graph\":[{\"@type\":\"WebPage\",\"@id\":\"https:\\\/\\\/jorgepemar.com\\\/en\\\/jorge-pemar\\\/\",\"url\":\"https:\\\/\\\/jorgepemar.com\\\/en\\\/jorge-pemar\\\/\",\"name\":\"Jorge Pe\u00f1a Mart\u00edn | Non-fiction film director and screenwriter\",\"isPartOf\":{\"@id\":\"https:\\\/\\\/jorgepemar.com\\\/#website\"},\"primaryImageOfPage\":{\"@id\":\"https:\\\/\\\/jorgepemar.com\\\/en\\\/jorge-pemar\\\/#primaryimage\"},\"image\":{\"@id\":\"https:\\\/\\\/jorgepemar.com\\\/en\\\/jorge-pemar\\\/#primaryimage\"},\"thumbnailUrl\":\"https:\\\/\\\/jorgepemar.com\\\/wp-content\\\/uploads\\\/2022\\\/12\\\/naufragados_frame_14-scaled.jpg\",\"datePublished\":\"2022-11-04T08:04:19+00:00\",\"dateModified\":\"2023-01-09T11:59:02+00:00\",\"description\":\"Jorge Pe\u00f1a Mart\u00edn (M\u00e1laga, 1978) is a non-fiction film director and screenwriter.\",\"breadcrumb\":{\"@id\":\"https:\\\/\\\/jorgepemar.com\\\/en\\\/jorge-pemar\\\/#breadcrumb\"},\"inLanguage\":\"en-US\",\"potentialAction\":[{\"@type\":\"ReadAction\",\"target\":[\"https:\\\/\\\/jorgepemar.com\\\/en\\\/jorge-pemar\\\/\"]}]},{\"@type\":\"ImageObject\",\"inLanguage\":\"en-US\",\"@id\":\"https:\\\/\\\/jorgepemar.com\\\/en\\\/jorge-pemar\\\/#primaryimage\",\"url\":\"https:\\\/\\\/jorgepemar.com\\\/wp-content\\\/uploads\\\/2022\\\/12\\\/naufragados_frame_14-scaled.jpg\",\"contentUrl\":\"https:\\\/\\\/jorgepemar.com\\\/wp-content\\\/uploads\\\/2022\\\/12\\\/naufragados_frame_14-scaled.jpg\",\"width\":1500,\"height\":844},{\"@type\":\"BreadcrumbList\",\"@id\":\"https:\\\/\\\/jorgepemar.com\\\/en\\\/jorge-pemar\\\/#breadcrumb\",\"itemListElement\":[{\"@type\":\"ListItem\",\"position\":1,\"name\":\"Portada\",\"item\":\"https:\\\/\\\/jorgepemar.com\\\/en\\\/jorge-pemar\\\/\"},{\"@type\":\"ListItem\",\"position\":2,\"name\":\"Jorge Pe\u00f1a Mart\u00edn\"}]},{\"@type\":\"WebSite\",\"@id\":\"https:\\\/\\\/jorgepemar.com\\\/#website\",\"url\":\"https:\\\/\\\/jorgepemar.com\\\/\",\"name\":\"Jorge Pe\u00f1a Mart\u00edn\",\"description\":\"\",\"publisher\":{\"@id\":\"https:\\\/\\\/jorgepemar.com\\\/#\\\/schema\\\/person\\\/47ca72edd4597398543caaa3cdf85379\"},\"alternateName\":\"Jorge Pe\u00f1a\",\"potentialAction\":[{\"@type\":\"SearchAction\",\"target\":{\"@type\":\"EntryPoint\",\"urlTemplate\":\"https:\\\/\\\/jorgepemar.com\\\/?s={search_term_string}\"},\"query-input\":{\"@type\":\"PropertyValueSpecification\",\"valueRequired\":true,\"valueName\":\"search_term_string\"}}],\"inLanguage\":\"en-US\"},{\"@type\":[\"Person\",\"Organization\"],\"@id\":\"https:\\\/\\\/jorgepemar.com\\\/#\\\/schema\\\/person\\\/47ca72edd4597398543caaa3cdf85379\",\"name\":\"Jorge Pe\u00f1a Mart\u00edn\",\"image\":{\"@type\":\"ImageObject\",\"inLanguage\":\"en-US\",\"@id\":\"https:\\\/\\\/jorgepemar.com\\\/wp-content\\\/uploads\\\/2022\\\/11\\\/LPNTV_8.jpg\",\"url\":\"https:\\\/\\\/jorgepemar.com\\\/wp-content\\\/uploads\\\/2022\\\/11\\\/LPNTV_8.jpg\",\"contentUrl\":\"https:\\\/\\\/jorgepemar.com\\\/wp-content\\\/uploads\\\/2022\\\/11\\\/LPNTV_8.jpg\",\"width\":1200,\"height\":675,\"caption\":\"Jorge Pe\u00f1a Mart\u00edn\"},\"logo\":{\"@id\":\"https:\\\/\\\/jorgepemar.com\\\/wp-content\\\/uploads\\\/2022\\\/11\\\/LPNTV_8.jpg\"}}]}<\/script>\n<!-- \/ Yoast SEO plugin. -->","yoast_head_json":{"title":"Jorge Pe\u00f1a Mart\u00edn | Non-fiction film director and screenwriter","description":"Jorge Pe\u00f1a Mart\u00edn (M\u00e1laga, 1978) is a non-fiction film director and screenwriter.","robots":{"index":"index","follow":"follow","max-snippet":"max-snippet:-1","max-image-preview":"max-image-preview:large","max-video-preview":"max-video-preview:-1"},"canonical":"https:\/\/jorgepemar.com\/en\/jorge-pemar\/","og_locale":"en_US","og_type":"article","og_title":"Jorge Pe\u00f1a Mart\u00edn | Non-fiction film director and screenwriter","og_description":"Jorge Pe\u00f1a Mart\u00edn (M\u00e1laga, 1978) is a non-fiction film director and screenwriter.","og_url":"https:\/\/jorgepemar.com\/en\/jorge-pemar\/","og_site_name":"Jorge Pe\u00f1a Mart\u00edn","article_modified_time":"2023-01-09T11:59:02+00:00","og_image":[{"width":1200,"height":675,"url":"https:\/\/jorgepemar.com\/wp-content\/uploads\/2022\/11\/LPNTV_1.jpg","type":"image\/jpeg"}],"twitter_card":"summary_large_image","schema":{"@context":"https:\/\/schema.org","@graph":[{"@type":"WebPage","@id":"https:\/\/jorgepemar.com\/en\/jorge-pemar\/","url":"https:\/\/jorgepemar.com\/en\/jorge-pemar\/","name":"Jorge Pe\u00f1a Mart\u00edn | Non-fiction film director and screenwriter","isPartOf":{"@id":"https:\/\/jorgepemar.com\/#website"},"primaryImageOfPage":{"@id":"https:\/\/jorgepemar.com\/en\/jorge-pemar\/#primaryimage"},"image":{"@id":"https:\/\/jorgepemar.com\/en\/jorge-pemar\/#primaryimage"},"thumbnailUrl":"https:\/\/jorgepemar.com\/wp-content\/uploads\/2022\/12\/naufragados_frame_14-scaled.jpg","datePublished":"2022-11-04T08:04:19+00:00","dateModified":"2023-01-09T11:59:02+00:00","description":"Jorge Pe\u00f1a Mart\u00edn (M\u00e1laga, 1978) is a non-fiction film director and screenwriter.","breadcrumb":{"@id":"https:\/\/jorgepemar.com\/en\/jorge-pemar\/#breadcrumb"},"inLanguage":"en-US","potentialAction":[{"@type":"ReadAction","target":["https:\/\/jorgepemar.com\/en\/jorge-pemar\/"]}]},{"@type":"ImageObject","inLanguage":"en-US","@id":"https:\/\/jorgepemar.com\/en\/jorge-pemar\/#primaryimage","url":"https:\/\/jorgepemar.com\/wp-content\/uploads\/2022\/12\/naufragados_frame_14-scaled.jpg","contentUrl":"https:\/\/jorgepemar.com\/wp-content\/uploads\/2022\/12\/naufragados_frame_14-scaled.jpg","width":1500,"height":844},{"@type":"BreadcrumbList","@id":"https:\/\/jorgepemar.com\/en\/jorge-pemar\/#breadcrumb","itemListElement":[{"@type":"ListItem","position":1,"name":"Portada","item":"https:\/\/jorgepemar.com\/en\/jorge-pemar\/"},{"@type":"ListItem","position":2,"name":"Jorge Pe\u00f1a Mart\u00edn"}]},{"@type":"WebSite","@id":"https:\/\/jorgepemar.com\/#website","url":"https:\/\/jorgepemar.com\/","name":"Jorge Pe\u00f1a Mart\u00edn","description":"","publisher":{"@id":"https:\/\/jorgepemar.com\/#\/schema\/person\/47ca72edd4597398543caaa3cdf85379"},"alternateName":"Jorge Pe\u00f1a","potentialAction":[{"@type":"SearchAction","target":{"@type":"EntryPoint","urlTemplate":"https:\/\/jorgepemar.com\/?s={search_term_string}"},"query-input":{"@type":"PropertyValueSpecification","valueRequired":true,"valueName":"search_term_string"}}],"inLanguage":"en-US"},{"@type":["Person","Organization"],"@id":"https:\/\/jorgepemar.com\/#\/schema\/person\/47ca72edd4597398543caaa3cdf85379","name":"Jorge Pe\u00f1a Mart\u00edn","image":{"@type":"ImageObject","inLanguage":"en-US","@id":"https:\/\/jorgepemar.com\/wp-content\/uploads\/2022\/11\/LPNTV_8.jpg","url":"https:\/\/jorgepemar.com\/wp-content\/uploads\/2022\/11\/LPNTV_8.jpg","contentUrl":"https:\/\/jorgepemar.com\/wp-content\/uploads\/2022\/11\/LPNTV_8.jpg","width":1200,"height":675,"caption":"Jorge Pe\u00f1a Mart\u00edn"},"logo":{"@id":"https:\/\/jorgepemar.com\/wp-content\/uploads\/2022\/11\/LPNTV_8.jpg"}}]}},"_links":{"self":[{"href":"https:\/\/jorgepemar.com\/en\/wp-json\/wp\/v2\/pages\/1634","targetHints":{"allow":["GET"]}}],"collection":[{"href":"https:\/\/jorgepemar.com\/en\/wp-json\/wp\/v2\/pages"}],"about":[{"href":"https:\/\/jorgepemar.com\/en\/wp-json\/wp\/v2\/types\/page"}],"author":[{"embeddable":true,"href":"https:\/\/jorgepemar.com\/en\/wp-json\/wp\/v2\/users\/1"}],"replies":[{"embeddable":true,"href":"https:\/\/jorgepemar.com\/en\/wp-json\/wp\/v2\/comments?post=1634"}],"version-history":[{"count":2,"href":"https:\/\/jorgepemar.com\/en\/wp-json\/wp\/v2\/pages\/1634\/revisions"}],"predecessor-version":[{"id":1838,"href":"https:\/\/jorgepemar.com\/en\/wp-json\/wp\/v2\/pages\/1634\/revisions\/1838"}],"wp:featuredmedia":[{"embeddable":true,"href":"https:\/\/jorgepemar.com\/en\/wp-json\/wp\/v2\/media\/1924"}],"wp:attachment":[{"href":"https:\/\/jorgepemar.com\/en\/wp-json\/wp\/v2\/media?parent=1634"}],"curies":[{"name":"wp","href":"https:\/\/api.w.org\/{rel}","templated":true}]}}